{"id":8,"date":"2025-09-23T19:46:01","date_gmt":"2025-09-23T19:46:01","guid":{"rendered":"https:\/\/www.psychologue-orianneacier.fr\/?page_id=8"},"modified":"2025-11-10T17:04:08","modified_gmt":"2025-11-10T17:04:08","slug":"accueil","status":"publish","type":"page","link":"https:\/\/www.psychologue-orianneacier.fr\/","title":{"rendered":"Accueil"},"content":{"rendered":"\n<div class=\"wp-block-group alignfull has-global-padding is-layout-constrained wp-block-group-is-layout-constrained\">\n<div class=\"wp-block-group alignwide has-global-padding is-layout-constrained wp-container-core-group-is-layout-3588d743 wp-block-group-is-layout-constrained\" style=\"padding-top:2rem;padding-bottom:2rem\">\n<div class=\"wp-block-group has-background has-global-padding is-layout-constrained wp-container-core-group-is-layout-49b49b1f wp-block-group-is-layout-constrained\" style=\"background-color:#daeef670;padding-top:50px;padding-bottom:50px\">\n<p class=\"has-text-align-center has-text-color has-link-color has-jost-font-family wp-elements-532c341ae26eceb19fc1d186ff607515\" style=\"color:#59a1a5;font-size:clamp(27.42px, 1.714rem + ((1vw - 3.2px) * 2.225), 47px);font-style:normal;font-weight:700\">Orianne Acier &#8211; Psychologue<\/p>\n<\/div>\n\n\n\n<p class=\"has-text-align-center has-text-color has-link-color wp-elements-31e0717aefae9966dec4b93ab675b61f\" style=\"color:#f9af36;font-size:clamp(0.875rem, 0.875rem + ((1vw - 0.2rem) * 0.409), 1.1rem);text-decoration:none\"><a href=\"#\"><strong>Psychologue clinicienne sp\u00e9cialis\u00e9e dans le d\u00e9veloppement de l&rsquo;enfant et de l&rsquo;adolescent<\/strong> et <strong>collaboratrice <\/strong>de <strong>Morgane Delanerie<\/strong> psychologue et neuropsychologue, j&rsquo;exerce au sein du cabinet situ\u00e9<strong> 3 rue \u00c9mile Rousse<\/strong>&nbsp;\u00e0 Brest.<\/a><\/p>\n<\/div>\n<\/div>\n\n\n\n<div class=\"wp-block-buttons is-content-justification-center is-layout-flex wp-container-core-buttons-is-layout-a89b3969 wp-block-buttons-is-layout-flex\">\n<div class=\"wp-block-button is-style-outline is-style-outline--1\"><a class=\"wp-block-button__link wp-element-button\">Activit\u00e9s<\/a><\/div>\n<\/div>\n\n\n\n<div class=\"wp-block-group alignfull has-background has-global-padding is-layout-constrained wp-container-core-group-is-layout-6dfc0fb4 wp-block-group-is-layout-constrained\" style=\"background-color:#fffffd;margin-top:0;margin-bottom:0;padding-top:5.5rem;padding-right:1rem;padding-bottom:6rem;padding-left:1rem\">\n<p class=\"has-text-align-center\">Dans le cadre de mon activit\u00e9 de psychologue, je vous propose la r\u00e9alisation de&nbsp;<strong>bilans neuropsychologiques<\/strong>&nbsp;et propose \u00e9galement des&nbsp;<strong>suivis psychologiques.<\/strong><\/p>\n<\/div>\n\n\n\n<section class=\"wp-block-group alignfull has-text-color has-background has-global-padding is-layout-constrained wp-container-core-group-is-layout-0a7ed16d wp-block-group-is-layout-constrained\" style=\"border-style:none;border-width:0px;color:#3e3e3e;background-color:#daeef670;margin-top:0px;padding-top:5rem;padding-right:1rem;padding-bottom:5rem;padding-left:1rem;font-size:clamp(0.875rem, 0.875rem + ((1vw - 0.2rem) * 0.464), 1.13rem);font-style:normal;font-weight:400;line-height:1.4\">\n<h2 class=\"wp-block-heading has-text-align-center has-text-color\" style=\"color:#59a1a5;font-size:clamp(1.837rem, 1.837rem + ((1vw - 0.2rem) * 2.478), 3.2rem);font-style:normal;font-weight:700\">Mes services<\/h2>\n\n\n\n<div class=\"wp-block-columns is-layout-flex wp-container-core-columns-is-layout-06b1747e wp-block-columns-is-layout-flex\" style=\"padding-top:0rem;padding-right:0px;padding-bottom:0;padding-left:0px\">\n<div class=\"wp-block-column is-layout-flow wp-block-column-is-layout-flow\" style=\"padding-top:1rem;padding-bottom:1rem\">\n<div class=\"wp-block-group has-global-padding is-layout-constrained wp-container-core-group-is-layout-287b5a18 wp-block-group-is-layout-constrained\">\n<figure class=\"wp-block-image aligncenter size-full is-resized\"><a href=\"https:\/\/www.psychologue-orianneacier.fr\/?page_id=37\"><img loading=\"lazy\" decoding=\"async\" width=\"1280\" height=\"853\" src=\"https:\/\/www.psychologue-orianneacier.fr\/wp-content\/uploads\/2025\/09\/mental-health-7529899_1280.png\" alt=\"psychologue\" class=\"wp-image-165\" style=\"width:528px;height:auto\" srcset=\"https:\/\/www.psychologue-orianneacier.fr\/wp-content\/uploads\/2025\/09\/mental-health-7529899_1280.png 1280w, https:\/\/www.psychologue-orianneacier.fr\/wp-content\/uploads\/2025\/09\/mental-health-7529899_1280-300x200.png 300w, https:\/\/www.psychologue-orianneacier.fr\/wp-content\/uploads\/2025\/09\/mental-health-7529899_1280-1024x682.png 1024w, https:\/\/www.psychologue-orianneacier.fr\/wp-content\/uploads\/2025\/09\/mental-health-7529899_1280-768x512.png 768w\" sizes=\"auto, (max-width: 1280px) 100vw, 1280px\" \/><\/a><\/figure>\n\n\n\n<h4 class=\"wp-block-heading has-text-align-center has-text-color\" style=\"color:#59a1a5;font-size:clamp(1.25rem, 1.25rem + ((1vw - 0.2rem) * 1.364), 2rem);font-style:normal;font-weight:400;text-decoration:none\">Consultation psychologique<\/h4>\n\n\n\n<div class=\"wp-block-buttons is-layout-flex wp-block-buttons-is-layout-flex\"><\/div>\n<\/div>\n<\/div>\n\n\n\n<div class=\"wp-block-column is-layout-flow wp-block-column-is-layout-flow\" style=\"padding-top:1rem;padding-bottom:1rem\">\n<div class=\"wp-block-group has-global-padding is-layout-constrained wp-container-core-group-is-layout-287b5a18 wp-block-group-is-layout-constrained\">\n<figure class=\"wp-block-image aligncenter size-full is-resized wp-duotone-unset-2\"><a href=\"https:\/\/www.psychologue-orianneacier.fr\/?page_id=37\"><img loading=\"lazy\" decoding=\"async\" width=\"1280\" height=\"914\" src=\"https:\/\/www.psychologue-orianneacier.fr\/wp-content\/uploads\/2025\/09\/mind-9616012_1280.png\" alt=\"psychologue\" class=\"wp-image-169\" style=\"width:489px;height:auto\" srcset=\"https:\/\/www.psychologue-orianneacier.fr\/wp-content\/uploads\/2025\/09\/mind-9616012_1280.png 1280w, https:\/\/www.psychologue-orianneacier.fr\/wp-content\/uploads\/2025\/09\/mind-9616012_1280-300x214.png 300w, https:\/\/www.psychologue-orianneacier.fr\/wp-content\/uploads\/2025\/09\/mind-9616012_1280-1024x731.png 1024w, https:\/\/www.psychologue-orianneacier.fr\/wp-content\/uploads\/2025\/09\/mind-9616012_1280-768x548.png 768w\" sizes=\"auto, (max-width: 1280px) 100vw, 1280px\" \/><\/a><\/figure>\n\n\n\n<h4 class=\"wp-block-heading has-text-align-center has-text-color\" style=\"color:#59a1a5;font-size:clamp(1.25rem, 1.25rem + ((1vw - 0.2rem) * 1.364), 2rem);font-style:normal;font-weight:400;text-decoration:none\">Rem\u00e9diation cognitive<\/h4>\n<\/div>\n<\/div>\n<\/div>\n\n\n\n<div class=\"wp-block-columns is-layout-flex wp-container-core-columns-is-layout-06b1747e wp-block-columns-is-layout-flex\" style=\"padding-top:0rem;padding-right:0px;padding-bottom:0;padding-left:0px\">\n<div class=\"wp-block-column is-layout-flow wp-block-column-is-layout-flow\" style=\"padding-top:1rem;padding-bottom:1rem\">\n<div class=\"wp-block-group has-global-padding is-layout-constrained wp-container-core-group-is-layout-287b5a18 wp-block-group-is-layout-constrained\">\n<figure class=\"wp-block-image aligncenter size-full is-resized\"><a href=\"https:\/\/www.psychologue-orianneacier.fr\/?page_id=37\"><img loading=\"lazy\" decoding=\"async\" width=\"1280\" height=\"1280\" src=\"https:\/\/www.psychologue-orianneacier.fr\/wp-content\/uploads\/2025\/09\/therapy-9792546_1280-1.png\" alt=\"\" class=\"wp-image-161\" style=\"width:358px;height:auto\" srcset=\"https:\/\/www.psychologue-orianneacier.fr\/wp-content\/uploads\/2025\/09\/therapy-9792546_1280-1.png 1280w, https:\/\/www.psychologue-orianneacier.fr\/wp-content\/uploads\/2025\/09\/therapy-9792546_1280-1-300x300.png 300w, https:\/\/www.psychologue-orianneacier.fr\/wp-content\/uploads\/2025\/09\/therapy-9792546_1280-1-1024x1024.png 1024w, https:\/\/www.psychologue-orianneacier.fr\/wp-content\/uploads\/2025\/09\/therapy-9792546_1280-1-150x150.png 150w, https:\/\/www.psychologue-orianneacier.fr\/wp-content\/uploads\/2025\/09\/therapy-9792546_1280-1-768x768.png 768w\" sizes=\"auto, (max-width: 1280px) 100vw, 1280px\" \/><\/a><\/figure>\n\n\n\n<h4 class=\"wp-block-heading has-text-align-center has-text-color\" style=\"color:#59a1a5;font-size:clamp(1.25rem, 1.25rem + ((1vw - 0.2rem) * 1.364), 2rem);font-style:normal;font-weight:400;text-decoration:none\">Guidance parentale<\/h4>\n<\/div>\n<\/div>\n\n\n\n<div class=\"wp-block-column is-layout-flow wp-block-column-is-layout-flow\" style=\"padding-top:1rem;padding-bottom:1rem\">\n<div class=\"wp-block-group has-global-padding is-layout-constrained wp-container-core-group-is-layout-287b5a18 wp-block-group-is-layout-constrained\">\n<figure class=\"wp-block-image aligncenter size-full is-resized wp-duotone-unset-3\"><a href=\"https:\/\/www.psychologue-orianneacier.fr\/?page_id=37\"><img loading=\"lazy\" decoding=\"async\" width=\"1280\" height=\"853\" src=\"https:\/\/www.psychologue-orianneacier.fr\/wp-content\/uploads\/2025\/09\/mood-7529903_1280-1.png\" alt=\"\" class=\"wp-image-172\" style=\"width:534px;height:auto\" srcset=\"https:\/\/www.psychologue-orianneacier.fr\/wp-content\/uploads\/2025\/09\/mood-7529903_1280-1.png 1280w, https:\/\/www.psychologue-orianneacier.fr\/wp-content\/uploads\/2025\/09\/mood-7529903_1280-1-300x200.png 300w, https:\/\/www.psychologue-orianneacier.fr\/wp-content\/uploads\/2025\/09\/mood-7529903_1280-1-1024x682.png 1024w, https:\/\/www.psychologue-orianneacier.fr\/wp-content\/uploads\/2025\/09\/mood-7529903_1280-1-768x512.png 768w\" sizes=\"auto, (max-width: 1280px) 100vw, 1280px\" \/><\/a><\/figure>\n\n\n\n<h4 class=\"wp-block-heading has-text-align-center has-text-color\" style=\"color:#59a1a5;font-size:clamp(1.25rem, 1.25rem + ((1vw - 0.2rem) * 1.364), 2rem);font-style:normal;font-weight:400;text-decoration:none\">Bilan neuropsychologique<\/h4>\n<\/div>\n<\/div>\n<\/div>\n\n\n\n<div class=\"wp-block-buttons is-content-justification-center is-layout-flex wp-container-core-buttons-is-layout-a89b3969 wp-block-buttons-is-layout-flex\">\n<div class=\"wp-block-button is-style-outline is-style-outline--4\"><a class=\"wp-block-button__link wp-element-button\" href=\"https:\/\/docorga.com\/praticien\/63dcd23d5aa70c0f02b6a697\">Prendre un rendez-vous<\/a><\/div>\n<\/div>\n\n\n\n<p><\/p>\n\n\n\n<h2 class=\"wp-block-heading has-medium-font-size\"><strong>Conventionn\u00e9e avec la PCO &#8211; TND 29<\/strong><\/h2>\n\n\n\n<p>Dispositif de soutien aux familles et professionnels ayant pour but de favoriser le <strong>d\u00e9pistage <\/strong>et de <strong>coordonner <\/strong>le parcours de bilans et de prise en charge des enfants de 0 \u00e0 12 ans du Finist\u00e8re. <\/p>\n\n\n\n<p><em>Pour qui ? <\/em><\/p>\n\n\n\n<p>Pour les enfants avec un \u00e9cart de trajectoire d\u00e9veloppementale laissant suspecter un trouble du neuro-d\u00e9veloppement (TND).<\/p>\n\n\n\n<p><em>Comment ? <\/em><\/p>\n\n\n\n<p>Adress\u00e9 par un m\u00e9decin.<\/p>\n<\/section>\n\n\n\n<div class=\"wp-block-group alignfull has-background has-global-padding is-layout-constrained wp-container-core-group-is-layout-16ae79fd wp-block-group-is-layout-constrained\" style=\"background-color:#fffffd;padding-top:6rem;padding-right:1rem;padding-bottom:6rem;padding-left:1rem\">\n<div class=\"wp-block-media-text is-stacked-on-mobile\" style=\"margin-right:0;margin-left:0;padding-right:0;padding-left:0;grid-template-columns:29% auto\"><figure class=\"wp-block-media-text__media\"><img loading=\"lazy\" decoding=\"async\" width=\"768\" height=\"1024\" src=\"https:\/\/www.psychologue-orianneacier.fr\/wp-content\/uploads\/2025\/11\/image0-1-768x1024.jpeg\" alt=\"\" class=\"wp-image-211 size-full\" srcset=\"https:\/\/www.psychologue-orianneacier.fr\/wp-content\/uploads\/2025\/11\/image0-1-768x1024.jpeg 768w, https:\/\/www.psychologue-orianneacier.fr\/wp-content\/uploads\/2025\/11\/image0-1-225x300.jpeg 225w, https:\/\/www.psychologue-orianneacier.fr\/wp-content\/uploads\/2025\/11\/image0-1-1152x1536.jpeg 1152w, https:\/\/www.psychologue-orianneacier.fr\/wp-content\/uploads\/2025\/11\/image0-1-1536x2048.jpeg 1536w, https:\/\/www.psychologue-orianneacier.fr\/wp-content\/uploads\/2025\/11\/image0-1-scaled.jpeg 1920w\" sizes=\"auto, (max-width: 768px) 100vw, 768px\" \/><\/figure><div class=\"wp-block-media-text__content\">\n<div class=\"wp-block-group has-global-padding is-layout-constrained wp-container-core-group-is-layout-b1f12783 wp-block-group-is-layout-constrained\" style=\"padding-top:1.4rem;padding-right:0;padding-bottom:0rem;padding-left:1rem\">\n<h2 class=\"wp-block-heading has-text-align-center has-text-color\" style=\"color:#59a1a5;font-size:clamp(1.837rem, 1.837rem + ((1vw - 0.2rem) * 2.478), 3.2rem);font-style:normal;font-weight:700\">Qui suis-je ?<\/h2>\n\n\n\n<div class=\"wp-block-buttons is-content-justification-center is-layout-flex wp-container-core-buttons-is-layout-7c378c05 wp-block-buttons-is-layout-flex\" style=\"margin-top:2rem\">\n<div class=\"wp-block-button is-style-outline is-style-outline--5\"><a class=\"wp-block-button__link has-text-color has-border-color has-custom-font-size wp-element-button\" href=\"https:\/\/www.psychologue-orianneacier.fr\/?page_id=10\" style=\"border-color:#000000;border-width:1px;border-radius:0px;color:#000000;padding-top:0.6rem;padding-right:2.2rem;padding-bottom:0.6rem;padding-left:2.2rem;font-size:clamp(0.875rem, 0.875rem + ((1vw - 0.2rem) * 0.409), 1.1rem);text-transform:uppercase\">A propos<\/a><\/div>\n<\/div>\n<\/div>\n\n\n\n<ul class=\"wp-block-social-links aligncenter is-content-justification-center is-layout-flex wp-container-core-social-links-is-layout-a89b3969 wp-block-social-links-is-layout-flex\"><li class=\"wp-social-link wp-social-link-linkedin  wp-block-social-link\"><a href=\"https:\/\/www.linkedin.com\/in\/orianne-acier-b3b286230\/\" class=\"wp-block-social-link-anchor\"><svg width=\"24\" height=\"24\" viewBox=\"0 0 24 24\" version=\"1.1\" xmlns=\"http:\/\/www.w3.org\/2000\/svg\" aria-hidden=\"true\" focusable=\"false\"><path d=\"M19.7,3H4.3C3.582,3,3,3.582,3,4.3v15.4C3,20.418,3.582,21,4.3,21h15.4c0.718,0,1.3-0.582,1.3-1.3V4.3 C21,3.582,20.418,3,19.7,3z M8.339,18.338H5.667v-8.59h2.672V18.338z M7.004,8.574c-0.857,0-1.549-0.694-1.549-1.548 c0-0.855,0.691-1.548,1.549-1.548c0.854,0,1.547,0.694,1.547,1.548C8.551,7.881,7.858,8.574,7.004,8.574z M18.339,18.338h-2.669 v-4.177c0-0.996-0.017-2.278-1.387-2.278c-1.389,0-1.601,1.086-1.601,2.206v4.249h-2.667v-8.59h2.559v1.174h0.037 c0.356-0.675,1.227-1.387,2.526-1.387c2.703,0,3.203,1.779,3.203,4.092V18.338z\"><\/path><\/svg><span class=\"wp-block-social-link-label screen-reader-text\">LinkedIn<\/span><\/a><\/li><\/ul>\n<\/div><\/div>\n<\/div>\n\n\n\n<p><\/p>\n","protected":false},"excerpt":{"rendered":"<p>Orianne Acier &#8211; Psychologue Psychologue clinicienne sp\u00e9cialis\u00e9e dans le d\u00e9veloppement de l&rsquo;enfant et de l&rsquo;adolescent et collaboratrice de Morgane Delanerie psychologue et neuropsychologue, j&rsquo;exerce au sein du cabinet situ\u00e9 3 rue \u00c9mile Rousse&nbsp;\u00e0 Brest. Dans le cadre de mon activit\u00e9 de psychologue, je vous propose la r\u00e9alisation de&nbsp;bilans neuropsychologiques&nbsp;et propose \u00e9galement des&nbsp;suivis psychologiques. Mes services [&hellip;]<\/p>\n","protected":false},"author":1,"featured_media":0,"parent":0,"menu_order":0,"comment_status":"closed","ping_status":"closed","template":"","meta":{"footnotes":""},"class_list":["post-8","page","type-page","status-publish","hentry"],"yoast_head":"<!-- This site is optimized with the Yoast SEO plugin v26.5 - https:\/\/yoast.com\/wordpress\/plugins\/seo\/ -->\n<title>Accueil - Acier Orianne - Psychologue<\/title>\n<meta name=\"description\" content=\"Psychologue clinicienne sp\u00e9cialis\u00e9e dans le d\u00e9veloppement de l&#039;enfant et de l&#039;adolescent au sein du cabinet situ\u00e9 3 rue \u00c9mile Rousse\u00a0\u00e0 Brest.\" \/>\n<meta name=\"robots\" content=\"index, follow, max-snippet:-1, max-image-preview:large, max-video-preview:-1\" \/>\n<link rel=\"canonical\" href=\"https:\/\/www.psychologue-orianneacier.fr\/\" \/>\n<meta property=\"og:locale\" content=\"fr_FR\" \/>\n<meta property=\"og:type\" content=\"article\" \/>\n<meta property=\"og:title\" content=\"Accueil - Acier Orianne - Psychologue\" \/>\n<meta property=\"og:description\" content=\"Psychologue clinicienne sp\u00e9cialis\u00e9e dans le d\u00e9veloppement de l&#039;enfant et de l&#039;adolescent au sein du cabinet situ\u00e9 3 rue \u00c9mile Rousse\u00a0\u00e0 Brest.\" \/>\n<meta property=\"og:url\" content=\"https:\/\/www.psychologue-orianneacier.fr\/\" \/>\n<meta property=\"og:site_name\" content=\"Acier Orianne - Psychologue\" \/>\n<meta property=\"article:modified_time\" content=\"2025-11-10T17:04:08+00:00\" \/>\n<meta property=\"og:image\" content=\"https:\/\/www.psychologue-orianneacier.fr\/wp-content\/uploads\/2025\/09\/mental-health-7529899_1280.png\" \/>\n\t<meta property=\"og:image:width\" content=\"1280\" \/>\n\t<meta property=\"og:image:height\" content=\"853\" \/>\n\t<meta property=\"og:image:type\" content=\"image\/png\" \/>\n<meta name=\"twitter:card\" content=\"summary_large_image\" \/>\n<meta name=\"twitter:label1\" content=\"Dur\u00e9e de lecture estim\u00e9e\" \/>\n\t<meta name=\"twitter:data1\" content=\"2 minutes\" \/>\n<script type=\"application\/ld+json\" class=\"yoast-schema-graph\">{\"@context\":\"https:\/\/schema.org\",\"@graph\":[{\"@type\":\"WebPage\",\"@id\":\"https:\/\/www.psychologue-orianneacier.fr\/\",\"url\":\"https:\/\/www.psychologue-orianneacier.fr\/\",\"name\":\"Accueil - Acier Orianne - Psychologue\",\"isPartOf\":{\"@id\":\"https:\/\/www.psychologue-orianneacier.fr\/#website\"},\"primaryImageOfPage\":{\"@id\":\"https:\/\/www.psychologue-orianneacier.fr\/#primaryimage\"},\"image\":{\"@id\":\"https:\/\/www.psychologue-orianneacier.fr\/#primaryimage\"},\"thumbnailUrl\":\"https:\/\/www.psychologue-orianneacier.fr\/wp-content\/uploads\/2025\/09\/mental-health-7529899_1280.png\",\"datePublished\":\"2025-09-23T19:46:01+00:00\",\"dateModified\":\"2025-11-10T17:04:08+00:00\",\"description\":\"Psychologue clinicienne sp\u00e9cialis\u00e9e dans le d\u00e9veloppement de l'enfant et de l'adolescent au sein du cabinet situ\u00e9 3 rue \u00c9mile Rousse\u00a0\u00e0 Brest.\",\"breadcrumb\":{\"@id\":\"https:\/\/www.psychologue-orianneacier.fr\/#breadcrumb\"},\"inLanguage\":\"fr-FR\",\"potentialAction\":[{\"@type\":\"ReadAction\",\"target\":[\"https:\/\/www.psychologue-orianneacier.fr\/\"]}]},{\"@type\":\"ImageObject\",\"inLanguage\":\"fr-FR\",\"@id\":\"https:\/\/www.psychologue-orianneacier.fr\/#primaryimage\",\"url\":\"https:\/\/www.psychologue-orianneacier.fr\/wp-content\/uploads\/2025\/09\/mental-health-7529899_1280.png\",\"contentUrl\":\"https:\/\/www.psychologue-orianneacier.fr\/wp-content\/uploads\/2025\/09\/mental-health-7529899_1280.png\",\"width\":1280,\"height\":853},{\"@type\":\"BreadcrumbList\",\"@id\":\"https:\/\/www.psychologue-orianneacier.fr\/#breadcrumb\",\"itemListElement\":[{\"@type\":\"ListItem\",\"position\":1,\"name\":\"Accueil\",\"item\":\"https:\/\/www.psychologue-orianneacier.fr\/\"},{\"@type\":\"ListItem\",\"position\":2,\"name\":\"Accueil\"}]},{\"@type\":\"WebSite\",\"@id\":\"https:\/\/www.psychologue-orianneacier.fr\/#website\",\"url\":\"https:\/\/www.psychologue-orianneacier.fr\/\",\"name\":\"Acier Orianne - Psychologue\",\"description\":\"\",\"publisher\":{\"@id\":\"https:\/\/www.psychologue-orianneacier.fr\/#organization\"},\"potentialAction\":[{\"@type\":\"SearchAction\",\"target\":{\"@type\":\"EntryPoint\",\"urlTemplate\":\"https:\/\/www.psychologue-orianneacier.fr\/?s={search_term_string}\"},\"query-input\":{\"@type\":\"PropertyValueSpecification\",\"valueRequired\":true,\"valueName\":\"search_term_string\"}}],\"inLanguage\":\"fr-FR\"},{\"@type\":\"Organization\",\"@id\":\"https:\/\/www.psychologue-orianneacier.fr\/#organization\",\"name\":\"Acier Orianne - Psychologue\",\"url\":\"https:\/\/www.psychologue-orianneacier.fr\/\",\"logo\":{\"@type\":\"ImageObject\",\"inLanguage\":\"fr-FR\",\"@id\":\"https:\/\/www.psychologue-orianneacier.fr\/#\/schema\/logo\/image\/\",\"url\":\"https:\/\/www.psychologue-orianneacier.fr\/wp-content\/uploads\/2025\/09\/PSYCHOLOGUE-edited.png\",\"contentUrl\":\"https:\/\/www.psychologue-orianneacier.fr\/wp-content\/uploads\/2025\/09\/PSYCHOLOGUE-edited.png\",\"width\":291,\"height\":291,\"caption\":\"Acier Orianne - Psychologue\"},\"image\":{\"@id\":\"https:\/\/www.psychologue-orianneacier.fr\/#\/schema\/logo\/image\/\"},\"sameAs\":[\"https:\/\/www.linkedin.com\/feed\/\"]}]}<\/script>\n<!-- \/ Yoast SEO plugin. -->","yoast_head_json":{"title":"Accueil - Acier Orianne - Psychologue","description":"Psychologue clinicienne sp\u00e9cialis\u00e9e dans le d\u00e9veloppement de l'enfant et de l'adolescent au sein du cabinet situ\u00e9 3 rue \u00c9mile Rousse\u00a0\u00e0 Brest.","robots":{"index":"index","follow":"follow","max-snippet":"max-snippet:-1","max-image-preview":"max-image-preview:large","max-video-preview":"max-video-preview:-1"},"canonical":"https:\/\/www.psychologue-orianneacier.fr\/","og_locale":"fr_FR","og_type":"article","og_title":"Accueil - Acier Orianne - Psychologue","og_description":"Psychologue clinicienne sp\u00e9cialis\u00e9e dans le d\u00e9veloppement de l'enfant et de l'adolescent au sein du cabinet situ\u00e9 3 rue \u00c9mile Rousse\u00a0\u00e0 Brest.","og_url":"https:\/\/www.psychologue-orianneacier.fr\/","og_site_name":"Acier Orianne - Psychologue","article_modified_time":"2025-11-10T17:04:08+00:00","og_image":[{"width":1280,"height":853,"url":"https:\/\/www.psychologue-orianneacier.fr\/wp-content\/uploads\/2025\/09\/mental-health-7529899_1280.png","type":"image\/png"}],"twitter_card":"summary_large_image","twitter_misc":{"Dur\u00e9e de lecture estim\u00e9e":"2 minutes"},"schema":{"@context":"https:\/\/schema.org","@graph":[{"@type":"WebPage","@id":"https:\/\/www.psychologue-orianneacier.fr\/","url":"https:\/\/www.psychologue-orianneacier.fr\/","name":"Accueil - Acier Orianne - Psychologue","isPartOf":{"@id":"https:\/\/www.psychologue-orianneacier.fr\/#website"},"primaryImageOfPage":{"@id":"https:\/\/www.psychologue-orianneacier.fr\/#primaryimage"},"image":{"@id":"https:\/\/www.psychologue-orianneacier.fr\/#primaryimage"},"thumbnailUrl":"https:\/\/www.psychologue-orianneacier.fr\/wp-content\/uploads\/2025\/09\/mental-health-7529899_1280.png","datePublished":"2025-09-23T19:46:01+00:00","dateModified":"2025-11-10T17:04:08+00:00","description":"Psychologue clinicienne sp\u00e9cialis\u00e9e dans le d\u00e9veloppement de l'enfant et de l'adolescent au sein du cabinet situ\u00e9 3 rue \u00c9mile Rousse\u00a0\u00e0 Brest.","breadcrumb":{"@id":"https:\/\/www.psychologue-orianneacier.fr\/#breadcrumb"},"inLanguage":"fr-FR","potentialAction":[{"@type":"ReadAction","target":["https:\/\/www.psychologue-orianneacier.fr\/"]}]},{"@type":"ImageObject","inLanguage":"fr-FR","@id":"https:\/\/www.psychologue-orianneacier.fr\/#primaryimage","url":"https:\/\/www.psychologue-orianneacier.fr\/wp-content\/uploads\/2025\/09\/mental-health-7529899_1280.png","contentUrl":"https:\/\/www.psychologue-orianneacier.fr\/wp-content\/uploads\/2025\/09\/mental-health-7529899_1280.png","width":1280,"height":853},{"@type":"BreadcrumbList","@id":"https:\/\/www.psychologue-orianneacier.fr\/#breadcrumb","itemListElement":[{"@type":"ListItem","position":1,"name":"Accueil","item":"https:\/\/www.psychologue-orianneacier.fr\/"},{"@type":"ListItem","position":2,"name":"Accueil"}]},{"@type":"WebSite","@id":"https:\/\/www.psychologue-orianneacier.fr\/#website","url":"https:\/\/www.psychologue-orianneacier.fr\/","name":"Acier Orianne - Psychologue","description":"","publisher":{"@id":"https:\/\/www.psychologue-orianneacier.fr\/#organization"},"potentialAction":[{"@type":"SearchAction","target":{"@type":"EntryPoint","urlTemplate":"https:\/\/www.psychologue-orianneacier.fr\/?s={search_term_string}"},"query-input":{"@type":"PropertyValueSpecification","valueRequired":true,"valueName":"search_term_string"}}],"inLanguage":"fr-FR"},{"@type":"Organization","@id":"https:\/\/www.psychologue-orianneacier.fr\/#organization","name":"Acier Orianne - Psychologue","url":"https:\/\/www.psychologue-orianneacier.fr\/","logo":{"@type":"ImageObject","inLanguage":"fr-FR","@id":"https:\/\/www.psychologue-orianneacier.fr\/#\/schema\/logo\/image\/","url":"https:\/\/www.psychologue-orianneacier.fr\/wp-content\/uploads\/2025\/09\/PSYCHOLOGUE-edited.png","contentUrl":"https:\/\/www.psychologue-orianneacier.fr\/wp-content\/uploads\/2025\/09\/PSYCHOLOGUE-edited.png","width":291,"height":291,"caption":"Acier Orianne - Psychologue"},"image":{"@id":"https:\/\/www.psychologue-orianneacier.fr\/#\/schema\/logo\/image\/"},"sameAs":["https:\/\/www.linkedin.com\/feed\/"]}]}},"_links":{"self":[{"href":"https:\/\/www.psychologue-orianneacier.fr\/index.php?rest_route=\/wp\/v2\/pages\/8","targetHints":{"allow":["GET"]}}],"collection":[{"href":"https:\/\/www.psychologue-orianneacier.fr\/index.php?rest_route=\/wp\/v2\/pages"}],"about":[{"href":"https:\/\/www.psychologue-orianneacier.fr\/index.php?rest_route=\/wp\/v2\/types\/page"}],"author":[{"embeddable":true,"href":"https:\/\/www.psychologue-orianneacier.fr\/index.php?rest_route=\/wp\/v2\/users\/1"}],"replies":[{"embeddable":true,"href":"https:\/\/www.psychologue-orianneacier.fr\/index.php?rest_route=%2Fwp%2Fv2%2Fcomments&post=8"}],"version-history":[{"count":22,"href":"https:\/\/www.psychologue-orianneacier.fr\/index.php?rest_route=\/wp\/v2\/pages\/8\/revisions"}],"predecessor-version":[{"id":212,"href":"https:\/\/www.psychologue-orianneacier.fr\/index.php?rest_route=\/wp\/v2\/pages\/8\/revisions\/212"}],"wp:attachment":[{"href":"https:\/\/www.psychologue-orianneacier.fr\/index.php?rest_route=%2Fwp%2Fv2%2Fmedia&parent=8"}],"curies":[{"name":"wp","href":"https:\/\/api.w.org\/{rel}","templated":true}]}}